{"id":871,"date":"2022-10-17T14:57:24","date_gmt":"2022-10-17T14:57:24","guid":{"rendered":"https:\/\/qualimapas.com\/?page_id=871"},"modified":"2024-09-26T14:53:24","modified_gmt":"2024-09-26T17:53:24","slug":"contato","status":"publish","type":"page","link":"https:\/\/qualimapas.com\/index.php\/contato\/","title":{"rendered":"contato"},"content":{"rendered":"\t\t<div data-elementor-type=\"wp-page\" data-elementor-id=\"871\" class=\"elementor elementor-871\">\n\t\t\t\t\t\t<section class=\"elementor-section elementor-top-section elementor-element elementor-element-068416d elementor-section-boxed elementor-section-height-default elementor-section-height-default\" data-id=\"068416d\" data-element_type=\"section\" data-e-type=\"section\">\n\t\t\t\t\t\t<div class=\"elementor-container elementor-column-gap-default\">\n\t\t\t\t\t<div class=\"elementor-column elementor-col-100 elementor-top-column elementor-element elementor-element-31fef21\" data-id=\"31fef21\" data-element_type=\"column\" data-e-type=\"column\">\n\t\t\t<div class=\"elementor-widget-wrap elementor-element-populated\">\n\t\t\t\t\t\t<div class=\"elementor-element elementor-element-a23d8b4 elementor-widget elementor-widget-shortcode\" data-id=\"a23d8b4\" data-element_type=\"widget\" data-e-type=\"widget\" data-widget_type=\"shortcode.default\">\n\t\t\t\t<div class=\"elementor-widget-container\">\n\t\t\t\t\t\t\t<div class=\"elementor-shortcode\"><!-- Google tag (gtag.js) -->\n<script async src=\"https:\/\/www.googletagmanager.com\/gtag\/js?id=AW-16715591122\"><\/script>\n<script>\n  window.dataLayer = window.dataLayer || [];\n  function gtag(){dataLayer.push(arguments);}\n  gtag('js', new Date());\n\n  gtag('config', 'AW-16715591122');\n<\/script><\/div>\n\t\t\t\t\t\t<\/div>\n\t\t\t\t<\/div>\n\t\t\t\t<div class=\"elementor-element elementor-element-d927d5c elementor-widget elementor-widget-heading\" data-id=\"d927d5c\" data-element_type=\"widget\" data-e-type=\"widget\" data-widget_type=\"heading.default\">\n\t\t\t\t<div class=\"elementor-widget-container\">\n\t\t\t\t\t<h3 class=\"elementor-heading-title elementor-size-default\">contato<\/h3>\t\t\t\t<\/div>\n\t\t\t\t<\/div>\n\t\t\t\t<div class=\"elementor-element elementor-element-1cac354 elementor-widget elementor-widget-text-editor\" data-id=\"1cac354\" data-element_type=\"widget\" data-e-type=\"widget\" data-widget_type=\"text-editor.default\">\n\t\t\t\t<div class=\"elementor-widget-container\">\n\t\t\t\t\t\t\t\t\t<p>Anabelli Sim\u00f5es Peich\u00f3<\/p><p>Interessado(a) em saber mais sobre os cursos individuais, mentoria ou assessorias, entre em contato!<\/p><p>Mande sua mensagem contendo informa\u00e7\u00f5es sobre quem \u00e9 voc\u00ea e como posso ajud\u00e1-lo(a):<\/p><p><a href=\"https:\/\/api.whatsapp.com\/send?phone=5541999112750&amp;text=Oi!%20Quero%20saber%20mais%20sobre%20\">(41) 9 9911 2750<\/a> | <a href=\"mailto:anabelli@qualimapas.com\">anabelli@qualimapas.com<\/a><\/p>\t\t\t\t\t\t\t\t<\/div>\n\t\t\t\t<\/div>\n\t\t\t\t\t<\/div>\n\t\t<\/div>\n\t\t\t\t\t<\/div>\n\t\t<\/section>\n\t\t\t\t<\/div>\n\t\t","protected":false},"excerpt":{"rendered":"<p>contato Anabelli Sim\u00f5es Peich\u00f3 Interessado(a) em saber mais sobre os cursos individuais, mentoria ou assessorias, entre em contato! Mande sua mensagem contendo informa\u00e7\u00f5es sobre quem \u00e9 voc\u00ea e como posso ajud\u00e1-lo(a): (41) 9 9911 2750 | anabelli@qualimapas.com<\/p>\n","protected":false},"author":1,"featured_media":0,"parent":0,"menu_order":0,"comment_status":"closed","ping_status":"closed","template":"","meta":{"site-sidebar-layout":"no-sidebar","site-content-layout":"page-builder","ast-site-content-layout":"default","site-content-style":"default","site-sidebar-style":"default","ast-global-header-display":"","ast-banner-title-visibility":"","ast-main-header-display":"","ast-hfb-above-header-display":"","ast-hfb-below-header-display":"","ast-hfb-mobile-header-display":"","site-post-title":"disabled","ast-breadcrumbs-content":"","ast-featured-img":"disabled","footer-sml-layout":"","ast-disable-related-posts":"","theme-transparent-header-meta":"","adv-header-id-meta":"","stick-header-meta":"","header-above-stick-meta":"","header-main-stick-meta":"","header-below-stick-meta":"","astra-migrate-meta-layouts":"default","ast-page-background-enabled":"default","ast-page-background-meta":{"desktop":{"background-color":"","background-image":"","background-repeat":"repeat","background-position":"center center","background-size":"auto","background-attachment":"scroll","background-type":"","background-media":"","overlay-type":"","overlay-color":"","overlay-opacity":"","overlay-gradient":""},"tablet":{"background-color":"","background-image":"","background-repeat":"repeat","background-position":"center center","background-size":"auto","background-attachment":"scroll","background-type":"","background-media":"","overlay-type":"","overlay-color":"","overlay-opacity":"","overlay-gradient":""},"mobile":{"background-color":"","background-image":"","background-repeat":"repeat","background-position":"center center","background-size":"auto","background-attachment":"scroll","background-type":"","background-media":"","overlay-type":"","overlay-color":"","overlay-opacity":"","overlay-gradient":""}},"ast-content-background-meta":{"desktop":{"background-color":"var(--ast-global-color-5)","background-image":"","background-repeat":"repeat","background-position":"center center","background-size":"auto","background-attachment":"scroll","background-type":"","background-media":"","overlay-type":"","overlay-color":"","overlay-opacity":"","overlay-gradient":""},"tablet":{"background-color":"var(--ast-global-color-5)","background-image":"","background-repeat":"repeat","background-position":"center center","background-size":"auto","background-attachment":"scroll","background-type":"","background-media":"","overlay-type":"","overlay-color":"","overlay-opacity":"","overlay-gradient":""},"mobile":{"background-color":"var(--ast-global-color-5)","background-image":"","background-repeat":"repeat","background-position":"center center","background-size":"auto","background-attachment":"scroll","background-type":"","background-media":"","overlay-type":"","overlay-color":"","overlay-opacity":"","overlay-gradient":""}},"footnotes":""},"folder":[],"class_list":["post-871","page","type-page","status-publish","hentry"],"yoast_head":"<!-- This site is optimized with the Yoast SEO plugin v27.5 - https:\/\/yoast.com\/product\/yoast-seo-wordpress\/ -->\n<title>contato - qualimapas.com<\/title>\n<meta name=\"robots\" content=\"index, follow, max-snippet:-1, max-image-preview:large, max-video-preview:-1\" \/>\n<link rel=\"canonical\" href=\"https:\/\/qualimapas.com\/index.php\/contato\/\" \/>\n<meta property=\"og:locale\" content=\"pt_BR\" \/>\n<meta property=\"og:type\" content=\"article\" \/>\n<meta property=\"og:title\" content=\"contato - qualimapas.com\" \/>\n<meta property=\"og:description\" content=\"contato Anabelli Sim\u00f5es Peich\u00f3 Interessado(a) em saber mais sobre os cursos individuais, mentoria ou assessorias, entre em contato! Mande sua mensagem contendo informa\u00e7\u00f5es sobre quem \u00e9 voc\u00ea e como posso ajud\u00e1-lo(a): (41) 9 9911 2750 | anabelli@qualimapas.com\" \/>\n<meta property=\"og:url\" content=\"https:\/\/qualimapas.com\/index.php\/contato\/\" \/>\n<meta property=\"og:site_name\" content=\"qualimapas.com\" \/>\n<meta property=\"article:modified_time\" content=\"2024-09-26T17:53:24+00:00\" \/>\n<meta name=\"twitter:card\" content=\"summary_large_image\" \/>\n<meta name=\"twitter:label1\" content=\"Est. tempo de leitura\" \/>\n\t<meta name=\"twitter:data1\" content=\"1 minuto\" \/>\n<script type=\"application\/ld+json\" class=\"yoast-schema-graph\">{\"@context\":\"https:\\\/\\\/schema.org\",\"@graph\":[{\"@type\":\"WebPage\",\"@id\":\"https:\\\/\\\/qualimapas.com\\\/index.php\\\/contato\\\/\",\"url\":\"https:\\\/\\\/qualimapas.com\\\/index.php\\\/contato\\\/\",\"name\":\"contato - qualimapas.com\",\"isPartOf\":{\"@id\":\"https:\\\/\\\/qualimapas.com\\\/#website\"},\"datePublished\":\"2022-10-17T14:57:24+00:00\",\"dateModified\":\"2024-09-26T17:53:24+00:00\",\"breadcrumb\":{\"@id\":\"https:\\\/\\\/qualimapas.com\\\/index.php\\\/contato\\\/#breadcrumb\"},\"inLanguage\":\"pt-BR\",\"potentialAction\":[{\"@type\":\"ReadAction\",\"target\":[\"https:\\\/\\\/qualimapas.com\\\/index.php\\\/contato\\\/\"]}]},{\"@type\":\"BreadcrumbList\",\"@id\":\"https:\\\/\\\/qualimapas.com\\\/index.php\\\/contato\\\/#breadcrumb\",\"itemListElement\":[{\"@type\":\"ListItem\",\"position\":1,\"name\":\"In\u00edcio\",\"item\":\"https:\\\/\\\/qualimapas.com\\\/\"},{\"@type\":\"ListItem\",\"position\":2,\"name\":\"contato\"}]},{\"@type\":\"WebSite\",\"@id\":\"https:\\\/\\\/qualimapas.com\\\/#website\",\"url\":\"https:\\\/\\\/qualimapas.com\\\/\",\"name\":\"qualimapas.com\",\"description\":\"Portal sobre QGIS\",\"publisher\":{\"@id\":\"https:\\\/\\\/qualimapas.com\\\/#organization\"},\"potentialAction\":[{\"@type\":\"SearchAction\",\"target\":{\"@type\":\"EntryPoint\",\"urlTemplate\":\"https:\\\/\\\/qualimapas.com\\\/?s={search_term_string}\"},\"query-input\":{\"@type\":\"PropertyValueSpecification\",\"valueRequired\":true,\"valueName\":\"search_term_string\"}}],\"inLanguage\":\"pt-BR\"},{\"@type\":\"Organization\",\"@id\":\"https:\\\/\\\/qualimapas.com\\\/#organization\",\"name\":\"Qualimapas\",\"url\":\"https:\\\/\\\/qualimapas.com\\\/\",\"logo\":{\"@type\":\"ImageObject\",\"inLanguage\":\"pt-BR\",\"@id\":\"https:\\\/\\\/qualimapas.com\\\/#\\\/schema\\\/logo\\\/image\\\/\",\"url\":\"https:\\\/\\\/qualimapas.com\\\/wp-content\\\/uploads\\\/2022\\\/10\\\/cropped-Logo.png\",\"contentUrl\":\"https:\\\/\\\/qualimapas.com\\\/wp-content\\\/uploads\\\/2022\\\/10\\\/cropped-Logo.png\",\"width\":500,\"height\":308,\"caption\":\"Qualimapas\"},\"image\":{\"@id\":\"https:\\\/\\\/qualimapas.com\\\/#\\\/schema\\\/logo\\\/image\\\/\"},\"sameAs\":[\"https:\\\/\\\/www.youtube.com\\\/channel\\\/UCYg_YD3qX7qbQ4EQkbmE7Lw\"]}]}<\/script>\n<!-- \/ Yoast SEO plugin. -->","yoast_head_json":{"title":"contato - qualimapas.com","robots":{"index":"index","follow":"follow","max-snippet":"max-snippet:-1","max-image-preview":"max-image-preview:large","max-video-preview":"max-video-preview:-1"},"canonical":"https:\/\/qualimapas.com\/index.php\/contato\/","og_locale":"pt_BR","og_type":"article","og_title":"contato - qualimapas.com","og_description":"contato Anabelli Sim\u00f5es Peich\u00f3 Interessado(a) em saber mais sobre os cursos individuais, mentoria ou assessorias, entre em contato! Mande sua mensagem contendo informa\u00e7\u00f5es sobre quem \u00e9 voc\u00ea e como posso ajud\u00e1-lo(a): (41) 9 9911 2750 | anabelli@qualimapas.com","og_url":"https:\/\/qualimapas.com\/index.php\/contato\/","og_site_name":"qualimapas.com","article_modified_time":"2024-09-26T17:53:24+00:00","twitter_card":"summary_large_image","twitter_misc":{"Est. tempo de leitura":"1 minuto"},"schema":{"@context":"https:\/\/schema.org","@graph":[{"@type":"WebPage","@id":"https:\/\/qualimapas.com\/index.php\/contato\/","url":"https:\/\/qualimapas.com\/index.php\/contato\/","name":"contato - qualimapas.com","isPartOf":{"@id":"https:\/\/qualimapas.com\/#website"},"datePublished":"2022-10-17T14:57:24+00:00","dateModified":"2024-09-26T17:53:24+00:00","breadcrumb":{"@id":"https:\/\/qualimapas.com\/index.php\/contato\/#breadcrumb"},"inLanguage":"pt-BR","potentialAction":[{"@type":"ReadAction","target":["https:\/\/qualimapas.com\/index.php\/contato\/"]}]},{"@type":"BreadcrumbList","@id":"https:\/\/qualimapas.com\/index.php\/contato\/#breadcrumb","itemListElement":[{"@type":"ListItem","position":1,"name":"In\u00edcio","item":"https:\/\/qualimapas.com\/"},{"@type":"ListItem","position":2,"name":"contato"}]},{"@type":"WebSite","@id":"https:\/\/qualimapas.com\/#website","url":"https:\/\/qualimapas.com\/","name":"qualimapas.com","description":"Portal sobre QGIS","publisher":{"@id":"https:\/\/qualimapas.com\/#organization"},"potentialAction":[{"@type":"SearchAction","target":{"@type":"EntryPoint","urlTemplate":"https:\/\/qualimapas.com\/?s={search_term_string}"},"query-input":{"@type":"PropertyValueSpecification","valueRequired":true,"valueName":"search_term_string"}}],"inLanguage":"pt-BR"},{"@type":"Organization","@id":"https:\/\/qualimapas.com\/#organization","name":"Qualimapas","url":"https:\/\/qualimapas.com\/","logo":{"@type":"ImageObject","inLanguage":"pt-BR","@id":"https:\/\/qualimapas.com\/#\/schema\/logo\/image\/","url":"https:\/\/qualimapas.com\/wp-content\/uploads\/2022\/10\/cropped-Logo.png","contentUrl":"https:\/\/qualimapas.com\/wp-content\/uploads\/2022\/10\/cropped-Logo.png","width":500,"height":308,"caption":"Qualimapas"},"image":{"@id":"https:\/\/qualimapas.com\/#\/schema\/logo\/image\/"},"sameAs":["https:\/\/www.youtube.com\/channel\/UCYg_YD3qX7qbQ4EQkbmE7Lw"]}]}},"jetpack_sharing_enabled":true,"_links":{"self":[{"href":"https:\/\/qualimapas.com\/index.php\/wp-json\/wp\/v2\/pages\/871","targetHints":{"allow":["GET"]}}],"collection":[{"href":"https:\/\/qualimapas.com\/index.php\/wp-json\/wp\/v2\/pages"}],"about":[{"href":"https:\/\/qualimapas.com\/index.php\/wp-json\/wp\/v2\/types\/page"}],"author":[{"embeddable":true,"href":"https:\/\/qualimapas.com\/index.php\/wp-json\/wp\/v2\/users\/1"}],"replies":[{"embeddable":true,"href":"https:\/\/qualimapas.com\/index.php\/wp-json\/wp\/v2\/comments?post=871"}],"version-history":[{"count":22,"href":"https:\/\/qualimapas.com\/index.php\/wp-json\/wp\/v2\/pages\/871\/revisions"}],"predecessor-version":[{"id":2711,"href":"https:\/\/qualimapas.com\/index.php\/wp-json\/wp\/v2\/pages\/871\/revisions\/2711"}],"wp:attachment":[{"href":"https:\/\/qualimapas.com\/index.php\/wp-json\/wp\/v2\/media?parent=871"}],"wp:term":[{"taxonomy":"folder","embeddable":true,"href":"https:\/\/qualimapas.com\/index.php\/wp-json\/wp\/v2\/folder?post=871"}],"curies":[{"name":"wp","href":"https:\/\/api.w.org\/{rel}","templated":true}]}}