{"id":869,"date":"2022-10-17T14:57:11","date_gmt":"2022-10-17T14:57:11","guid":{"rendered":"https:\/\/qualimapas.com\/?page_id=869"},"modified":"2025-02-01T14:14:01","modified_gmt":"2025-02-01T17:14:01","slug":"sobre","status":"publish","type":"page","link":"https:\/\/qualimapas.com\/index.php\/sobre\/","title":{"rendered":"sobre"},"content":{"rendered":"\t\t<div data-elementor-type=\"wp-page\" data-elementor-id=\"869\" class=\"elementor elementor-869\">\n\t\t\t\t\t\t<section class=\"elementor-section elementor-top-section elementor-element elementor-element-9156c41 elementor-section-boxed elementor-section-height-default elementor-section-height-default\" data-id=\"9156c41\" data-element_type=\"section\" data-e-type=\"section\">\n\t\t\t\t\t\t<div class=\"elementor-container elementor-column-gap-default\">\n\t\t\t\t\t<div class=\"elementor-column elementor-col-100 elementor-top-column elementor-element elementor-element-f72b8c1\" data-id=\"f72b8c1\" data-element_type=\"column\" data-e-type=\"column\">\n\t\t\t<div class=\"elementor-widget-wrap elementor-element-populated\">\n\t\t\t\t\t\t<div class=\"elementor-element elementor-element-e7daef2 elementor-widget elementor-widget-shortcode\" data-id=\"e7daef2\" data-element_type=\"widget\" data-e-type=\"widget\" data-widget_type=\"shortcode.default\">\n\t\t\t\t<div class=\"elementor-widget-container\">\n\t\t\t\t\t\t\t<div class=\"elementor-shortcode\"><!-- Google tag (gtag.js) -->\n<script async src=\"https:\/\/www.googletagmanager.com\/gtag\/js?id=AW-16715591122\"><\/script>\n<script>\n  window.dataLayer = window.dataLayer || [];\n  function gtag(){dataLayer.push(arguments);}\n  gtag('js', new Date());\n\n  gtag('config', 'AW-16715591122');\n<\/script><\/div>\n\t\t\t\t\t\t<\/div>\n\t\t\t\t<\/div>\n\t\t\t\t\t<\/div>\n\t\t<\/div>\n\t\t\t\t\t<\/div>\n\t\t<\/section>\n\t\t\t\t<section class=\"elementor-section elementor-top-section elementor-element elementor-element-bc02611 elementor-section-boxed elementor-section-height-default elementor-section-height-default\" data-id=\"bc02611\" data-element_type=\"section\" data-e-type=\"section\">\n\t\t\t\t\t\t<div class=\"elementor-container elementor-column-gap-default\">\n\t\t\t\t\t<div class=\"elementor-column elementor-col-100 elementor-top-column elementor-element elementor-element-8e53914\" data-id=\"8e53914\" data-element_type=\"column\" data-e-type=\"column\">\n\t\t\t<div class=\"elementor-widget-wrap elementor-element-populated\">\n\t\t\t\t\t\t<div class=\"elementor-element elementor-element-e003f6b elementor-widget elementor-widget-heading\" data-id=\"e003f6b\" data-element_type=\"widget\" data-e-type=\"widget\" data-widget_type=\"heading.default\">\n\t\t\t\t<div class=\"elementor-widget-container\">\n\t\t\t\t\t<h3 class=\"elementor-heading-title elementor-size-default\">sobre<\/h3>\t\t\t\t<\/div>\n\t\t\t\t<\/div>\n\t\t\t\t\t<\/div>\n\t\t<\/div>\n\t\t\t\t\t<\/div>\n\t\t<\/section>\n\t\t\t\t<section class=\"elementor-section elementor-top-section elementor-element elementor-element-cf78468 elementor-section-boxed elementor-section-height-default elementor-section-height-default\" data-id=\"cf78468\" data-element_type=\"section\" data-e-type=\"section\" data-settings=\"{&quot;background_background&quot;:&quot;classic&quot;}\">\n\t\t\t\t\t\t<div class=\"elementor-container elementor-column-gap-default\">\n\t\t\t\t\t<div class=\"elementor-column elementor-col-50 elementor-top-column elementor-element elementor-element-06dfee8\" data-id=\"06dfee8\" data-element_type=\"column\" data-e-type=\"column\">\n\t\t\t<div class=\"elementor-widget-wrap elementor-element-populated\">\n\t\t\t\t\t\t<div class=\"elementor-element elementor-element-f590c3a elementor-widget elementor-widget-text-editor\" data-id=\"f590c3a\" data-element_type=\"widget\" data-e-type=\"widget\" data-widget_type=\"text-editor.default\">\n\t\t\t\t<div class=\"elementor-widget-container\">\n\t\t\t\t\t\t\t\t\t<p>Ol\u00e1, aqui \u00e9 a Anabelli da Qualimapas!<br \/>Esse portal \u00e9 um compilado das duas coisas que eu mais gosto de fazer: ensinar e produzir mapas.<\/p><p>Meu primeiro contato com geoprocessamento foi na minha gradua\u00e7\u00e3o em Arquitetura e Urbanismo em 2012 pela Universidade Positivo. Em 2014 eu aprofundei esses conhecimentos na University of Florida (EUA), com o professor Stanley Latmer, uma das pessoas que ajudaram no desenvolvimento do ArcGIS na d\u00e9cada de 90. Em 2018 eu coloquei tudo em pr\u00e1tica no processo de revis\u00e3o do Plano Diretor de Colombo \u2013 PR.<\/p><p>Desde o primeiro contato com SIG (Sistemas de Informa\u00e7\u00f5es Geogr\u00e1ficas) eu ajudei meus colegas, mesmo ainda na Fl\u00f3rida (2014). Mas foi quando eu voltei do interc\u00e2mbio que consolidei essas ajudas como assessorias e tamb\u00e9m comecei a dar cursos completos de introdu\u00e7\u00e3o ao geoprocessamento individualmente (2015). A maioria dos meus assessorados e alunos individuais foram alunos de mestrado ou dourado. De vez em quando tamb\u00e9m atendo demandas de profissionais, como por exemplo, startups ou pessoas buscando mudar de carrreira.<\/p><p>Em 2019, eu migrei do ArcGIS para o QGIS e dei o primeiro curso para um grupo de pessoas em um escrit\u00f3rio de planejamento urbano de Curitiba (URBTEC).<\/p><p>No in\u00edcio de 2022, ainda devido \u00e0s restri\u00e7\u00f5es da pandemia, foi a primeira experi\u00eancia e curso online para um grupo de colegas do meu programa de mestrado PPU \u2013 UFPR (Programa de Mestrado em Planejamento Urbano, Universidade Federal do Paran\u00e1). Foi uma troca muito interessante e vi que poderia ampliar minha oferta de produtos digitais sobre geoprocessamento.<\/p><p>Em agosto de 2022 eu fundei a Qualimapas, agora estou com o site, o canal no Youtube e produtos digitais na Hotmart.<\/p><p>Links sobre meu trabalho:<\/p><p>Minha disserta\u00e7\u00e3o &#8211; Programa de P\u00f3s Gradua\u00e7\u00e3o em Planejamento Urbano &#8211; PPU &#8211; Universidade Federal do Paran\u00e1 &#8211; UFPR (2023)<br \/>MOBILIDADE E ACESSIBILIDADE NA METR\u00d3POLE DE CURITIBA: UMA AN\u00c1LISE SINT\u00c1TICA GLOBAL, DE EIXOS E CENTRALIDADES<br \/><a href=\"https:\/\/www.prppg.ufpr.br\/site\/ppgppu\/es\/egressos\/\">\u00a0https:\/\/www.prppg.ufpr.br\/site\/ppgppu\/es\/egressos\/<\/a><\/p><p>Curr\u00edculo Lattes<br \/><a href=\"http:\/\/lattes.cnpq.br\/3610475336508087\">http:\/\/lattes.cnpq.br\/3610475336508087<\/a><\/p><p>LinkedIn:<br \/><a href=\"https:\/\/www.linkedin.com\/in\/anabellisimoespeicho\/\">https:\/\/www.linkedin.com\/in\/anabellisimoespeicho\/<\/a><\/p><p>ArchDaily: Equipe brasileira recebe Men\u00e7\u00e3o Honrosa no Concurso Internacional de Desenho Urbano &#8211; Ba\u00f1ado Norte, em Assun\u00e7\u00e3o<br \/><a href=\"https:\/\/www.archdaily.com.br\/br\/897192\/equipe-brasileira-recebe-mencao-honrosa-no-concurso-internacional-de-desenho-urbano-banado-norte-em-assuncao\">https:\/\/www.archdaily.com.br\/br\/897192\/equipe-brasileira-recebe-mencao-honrosa-no-concurso-internacional-de-desenho-urbano-banado-norte-em-assuncao<\/a><\/p>\t\t\t\t\t\t\t\t<\/div>\n\t\t\t\t<\/div>\n\t\t\t\t\t<\/div>\n\t\t<\/div>\n\t\t\t\t<div class=\"elementor-column elementor-col-50 elementor-top-column elementor-element elementor-element-ac1d359\" data-id=\"ac1d359\" data-element_type=\"column\" data-e-type=\"column\">\n\t\t\t<div class=\"elementor-widget-wrap elementor-element-populated\">\n\t\t\t\t\t\t<div class=\"elementor-element elementor-element-c15f505 elementor-widget elementor-widget-image\" data-id=\"c15f505\" data-element_type=\"widget\" data-e-type=\"widget\" data-widget_type=\"image.default\">\n\t\t\t\t<div class=\"elementor-widget-container\">\n\t\t\t\t\t\t\t\t\t\t\t\t\t\t\t<img fetchpriority=\"high\" decoding=\"async\" width=\"300\" height=\"300\" src=\"https:\/\/qualimapas.com\/wp-content\/uploads\/2022\/10\/anabelli-300x300.png\" class=\"attachment-medium size-medium wp-image-1154\" alt=\"\" srcset=\"https:\/\/qualimapas.com\/wp-content\/uploads\/2022\/10\/anabelli-300x300.png 300w, https:\/\/qualimapas.com\/wp-content\/uploads\/2022\/10\/anabelli-1024x1024.png 1024w, https:\/\/qualimapas.com\/wp-content\/uploads\/2022\/10\/anabelli-150x150.png 150w, https:\/\/qualimapas.com\/wp-content\/uploads\/2022\/10\/anabelli-768x768.png 768w, https:\/\/qualimapas.com\/wp-content\/uploads\/2022\/10\/anabelli.png 1080w\" sizes=\"(max-width: 300px) 100vw, 300px\" \/>\t\t\t\t\t\t\t\t\t\t\t\t\t\t\t<\/div>\n\t\t\t\t<\/div>\n\t\t\t\t\t<\/div>\n\t\t<\/div>\n\t\t\t\t\t<\/div>\n\t\t<\/section>\n\t\t\t\t<\/div>\n\t\t","protected":false},"excerpt":{"rendered":"<p>sobre Ol\u00e1, aqui \u00e9 a Anabelli da Qualimapas!Esse portal \u00e9 um compilado das duas coisas que eu mais gosto de fazer: ensinar e produzir mapas. Meu primeiro contato com geoprocessamento foi na minha gradua\u00e7\u00e3o em Arquitetura e Urbanismo em 2012 pela Universidade Positivo. Em 2014 eu aprofundei esses conhecimentos na University of Florida (EUA), com [&hellip;]<\/p>\n","protected":false},"author":1,"featured_media":0,"parent":0,"menu_order":0,"comment_status":"closed","ping_status":"closed","template":"","meta":{"site-sidebar-layout":"no-sidebar","site-content-layout":"page-builder","ast-site-content-layout":"default","site-content-style":"default","site-sidebar-style":"default","ast-global-header-display":"","ast-banner-title-visibility":"","ast-main-header-display":"","ast-hfb-above-header-display":"","ast-hfb-below-header-display":"","ast-hfb-mobile-header-display":"","site-post-title":"disabled","ast-breadcrumbs-content":"","ast-featured-img":"disabled","footer-sml-layout":"","ast-disable-related-posts":"","theme-transparent-header-meta":"","adv-header-id-meta":"","stick-header-meta":"","header-above-stick-meta":"","header-main-stick-meta":"","header-below-stick-meta":"","astra-migrate-meta-layouts":"default","ast-page-background-enabled":"default","ast-page-background-meta":{"desktop":{"background-color":"","background-image":"","background-repeat":"repeat","background-position":"center center","background-size":"auto","background-attachment":"scroll","background-type":"","background-media":"","overlay-type":"","overlay-color":"","overlay-opacity":"","overlay-gradient":""},"tablet":{"background-color":"","background-image":"","background-repeat":"repeat","background-position":"center center","background-size":"auto","background-attachment":"scroll","background-type":"","background-media":"","overlay-type":"","overlay-color":"","overlay-opacity":"","overlay-gradient":""},"mobile":{"background-color":"","background-image":"","background-repeat":"repeat","background-position":"center center","background-size":"auto","background-attachment":"scroll","background-type":"","background-media":"","overlay-type":"","overlay-color":"","overlay-opacity":"","overlay-gradient":""}},"ast-content-background-meta":{"desktop":{"background-color":"var(--ast-global-color-5)","background-image":"","background-repeat":"repeat","background-position":"center center","background-size":"auto","background-attachment":"scroll","background-type":"","background-media":"","overlay-type":"","overlay-color":"","overlay-opacity":"","overlay-gradient":""},"tablet":{"background-color":"var(--ast-global-color-5)","background-image":"","background-repeat":"repeat","background-position":"center center","background-size":"auto","background-attachment":"scroll","background-type":"","background-media":"","overlay-type":"","overlay-color":"","overlay-opacity":"","overlay-gradient":""},"mobile":{"background-color":"var(--ast-global-color-5)","background-image":"","background-repeat":"repeat","background-position":"center center","background-size":"auto","background-attachment":"scroll","background-type":"","background-media":"","overlay-type":"","overlay-color":"","overlay-opacity":"","overlay-gradient":""}},"footnotes":""},"folder":[],"class_list":["post-869","page","type-page","status-publish","hentry"],"yoast_head":"<!-- This site is optimized with the Yoast SEO plugin v27.5 - https:\/\/yoast.com\/product\/yoast-seo-wordpress\/ -->\n<title>sobre - qualimapas.com<\/title>\n<meta name=\"robots\" content=\"index, follow, max-snippet:-1, max-image-preview:large, max-video-preview:-1\" \/>\n<link rel=\"canonical\" href=\"https:\/\/qualimapas.com\/index.php\/sobre\/\" \/>\n<meta property=\"og:locale\" content=\"pt_BR\" \/>\n<meta property=\"og:type\" content=\"article\" \/>\n<meta property=\"og:title\" content=\"sobre - qualimapas.com\" \/>\n<meta property=\"og:description\" content=\"sobre Ol\u00e1, aqui \u00e9 a Anabelli da Qualimapas!Esse portal \u00e9 um compilado das duas coisas que eu mais gosto de fazer: ensinar e produzir mapas. Meu primeiro contato com geoprocessamento foi na minha gradua\u00e7\u00e3o em Arquitetura e Urbanismo em 2012 pela Universidade Positivo. Em 2014 eu aprofundei esses conhecimentos na University of Florida (EUA), com [&hellip;]\" \/>\n<meta property=\"og:url\" content=\"https:\/\/qualimapas.com\/index.php\/sobre\/\" \/>\n<meta property=\"og:site_name\" content=\"qualimapas.com\" \/>\n<meta property=\"article:modified_time\" content=\"2025-02-01T17:14:01+00:00\" \/>\n<meta property=\"og:image\" content=\"https:\/\/qualimapas.com\/wp-content\/uploads\/2022\/10\/anabelli.png\" \/>\n\t<meta property=\"og:image:width\" content=\"1080\" \/>\n\t<meta property=\"og:image:height\" content=\"1080\" \/>\n\t<meta property=\"og:image:type\" content=\"image\/png\" \/>\n<meta name=\"twitter:card\" content=\"summary_large_image\" \/>\n<meta name=\"twitter:label1\" content=\"Est. tempo de leitura\" \/>\n\t<meta name=\"twitter:data1\" content=\"3 minutos\" \/>\n<script type=\"application\/ld+json\" class=\"yoast-schema-graph\">{\"@context\":\"https:\\\/\\\/schema.org\",\"@graph\":[{\"@type\":\"WebPage\",\"@id\":\"https:\\\/\\\/qualimapas.com\\\/index.php\\\/sobre\\\/\",\"url\":\"https:\\\/\\\/qualimapas.com\\\/index.php\\\/sobre\\\/\",\"name\":\"sobre - qualimapas.com\",\"isPartOf\":{\"@id\":\"https:\\\/\\\/qualimapas.com\\\/#website\"},\"primaryImageOfPage\":{\"@id\":\"https:\\\/\\\/qualimapas.com\\\/index.php\\\/sobre\\\/#primaryimage\"},\"image\":{\"@id\":\"https:\\\/\\\/qualimapas.com\\\/index.php\\\/sobre\\\/#primaryimage\"},\"thumbnailUrl\":\"https:\\\/\\\/qualimapas.com\\\/wp-content\\\/uploads\\\/2022\\\/10\\\/anabelli-300x300.png\",\"datePublished\":\"2022-10-17T14:57:11+00:00\",\"dateModified\":\"2025-02-01T17:14:01+00:00\",\"breadcrumb\":{\"@id\":\"https:\\\/\\\/qualimapas.com\\\/index.php\\\/sobre\\\/#breadcrumb\"},\"inLanguage\":\"pt-BR\",\"potentialAction\":[{\"@type\":\"ReadAction\",\"target\":[\"https:\\\/\\\/qualimapas.com\\\/index.php\\\/sobre\\\/\"]}]},{\"@type\":\"ImageObject\",\"inLanguage\":\"pt-BR\",\"@id\":\"https:\\\/\\\/qualimapas.com\\\/index.php\\\/sobre\\\/#primaryimage\",\"url\":\"https:\\\/\\\/qualimapas.com\\\/wp-content\\\/uploads\\\/2022\\\/10\\\/anabelli.png\",\"contentUrl\":\"https:\\\/\\\/qualimapas.com\\\/wp-content\\\/uploads\\\/2022\\\/10\\\/anabelli.png\",\"width\":1080,\"height\":1080},{\"@type\":\"BreadcrumbList\",\"@id\":\"https:\\\/\\\/qualimapas.com\\\/index.php\\\/sobre\\\/#breadcrumb\",\"itemListElement\":[{\"@type\":\"ListItem\",\"position\":1,\"name\":\"In\u00edcio\",\"item\":\"https:\\\/\\\/qualimapas.com\\\/\"},{\"@type\":\"ListItem\",\"position\":2,\"name\":\"sobre\"}]},{\"@type\":\"WebSite\",\"@id\":\"https:\\\/\\\/qualimapas.com\\\/#website\",\"url\":\"https:\\\/\\\/qualimapas.com\\\/\",\"name\":\"qualimapas.com\",\"description\":\"Portal sobre QGIS\",\"publisher\":{\"@id\":\"https:\\\/\\\/qualimapas.com\\\/#organization\"},\"potentialAction\":[{\"@type\":\"SearchAction\",\"target\":{\"@type\":\"EntryPoint\",\"urlTemplate\":\"https:\\\/\\\/qualimapas.com\\\/?s={search_term_string}\"},\"query-input\":{\"@type\":\"PropertyValueSpecification\",\"valueRequired\":true,\"valueName\":\"search_term_string\"}}],\"inLanguage\":\"pt-BR\"},{\"@type\":\"Organization\",\"@id\":\"https:\\\/\\\/qualimapas.com\\\/#organization\",\"name\":\"Qualimapas\",\"url\":\"https:\\\/\\\/qualimapas.com\\\/\",\"logo\":{\"@type\":\"ImageObject\",\"inLanguage\":\"pt-BR\",\"@id\":\"https:\\\/\\\/qualimapas.com\\\/#\\\/schema\\\/logo\\\/image\\\/\",\"url\":\"https:\\\/\\\/qualimapas.com\\\/wp-content\\\/uploads\\\/2022\\\/10\\\/cropped-Logo.png\",\"contentUrl\":\"https:\\\/\\\/qualimapas.com\\\/wp-content\\\/uploads\\\/2022\\\/10\\\/cropped-Logo.png\",\"width\":500,\"height\":308,\"caption\":\"Qualimapas\"},\"image\":{\"@id\":\"https:\\\/\\\/qualimapas.com\\\/#\\\/schema\\\/logo\\\/image\\\/\"},\"sameAs\":[\"https:\\\/\\\/www.youtube.com\\\/channel\\\/UCYg_YD3qX7qbQ4EQkbmE7Lw\"]}]}<\/script>\n<!-- \/ Yoast SEO plugin. -->","yoast_head_json":{"title":"sobre - qualimapas.com","robots":{"index":"index","follow":"follow","max-snippet":"max-snippet:-1","max-image-preview":"max-image-preview:large","max-video-preview":"max-video-preview:-1"},"canonical":"https:\/\/qualimapas.com\/index.php\/sobre\/","og_locale":"pt_BR","og_type":"article","og_title":"sobre - qualimapas.com","og_description":"sobre Ol\u00e1, aqui \u00e9 a Anabelli da Qualimapas!Esse portal \u00e9 um compilado das duas coisas que eu mais gosto de fazer: ensinar e produzir mapas. Meu primeiro contato com geoprocessamento foi na minha gradua\u00e7\u00e3o em Arquitetura e Urbanismo em 2012 pela Universidade Positivo. Em 2014 eu aprofundei esses conhecimentos na University of Florida (EUA), com [&hellip;]","og_url":"https:\/\/qualimapas.com\/index.php\/sobre\/","og_site_name":"qualimapas.com","article_modified_time":"2025-02-01T17:14:01+00:00","og_image":[{"width":1080,"height":1080,"url":"https:\/\/qualimapas.com\/wp-content\/uploads\/2022\/10\/anabelli.png","type":"image\/png"}],"twitter_card":"summary_large_image","twitter_misc":{"Est. tempo de leitura":"3 minutos"},"schema":{"@context":"https:\/\/schema.org","@graph":[{"@type":"WebPage","@id":"https:\/\/qualimapas.com\/index.php\/sobre\/","url":"https:\/\/qualimapas.com\/index.php\/sobre\/","name":"sobre - qualimapas.com","isPartOf":{"@id":"https:\/\/qualimapas.com\/#website"},"primaryImageOfPage":{"@id":"https:\/\/qualimapas.com\/index.php\/sobre\/#primaryimage"},"image":{"@id":"https:\/\/qualimapas.com\/index.php\/sobre\/#primaryimage"},"thumbnailUrl":"https:\/\/qualimapas.com\/wp-content\/uploads\/2022\/10\/anabelli-300x300.png","datePublished":"2022-10-17T14:57:11+00:00","dateModified":"2025-02-01T17:14:01+00:00","breadcrumb":{"@id":"https:\/\/qualimapas.com\/index.php\/sobre\/#breadcrumb"},"inLanguage":"pt-BR","potentialAction":[{"@type":"ReadAction","target":["https:\/\/qualimapas.com\/index.php\/sobre\/"]}]},{"@type":"ImageObject","inLanguage":"pt-BR","@id":"https:\/\/qualimapas.com\/index.php\/sobre\/#primaryimage","url":"https:\/\/qualimapas.com\/wp-content\/uploads\/2022\/10\/anabelli.png","contentUrl":"https:\/\/qualimapas.com\/wp-content\/uploads\/2022\/10\/anabelli.png","width":1080,"height":1080},{"@type":"BreadcrumbList","@id":"https:\/\/qualimapas.com\/index.php\/sobre\/#breadcrumb","itemListElement":[{"@type":"ListItem","position":1,"name":"In\u00edcio","item":"https:\/\/qualimapas.com\/"},{"@type":"ListItem","position":2,"name":"sobre"}]},{"@type":"WebSite","@id":"https:\/\/qualimapas.com\/#website","url":"https:\/\/qualimapas.com\/","name":"qualimapas.com","description":"Portal sobre QGIS","publisher":{"@id":"https:\/\/qualimapas.com\/#organization"},"potentialAction":[{"@type":"SearchAction","target":{"@type":"EntryPoint","urlTemplate":"https:\/\/qualimapas.com\/?s={search_term_string}"},"query-input":{"@type":"PropertyValueSpecification","valueRequired":true,"valueName":"search_term_string"}}],"inLanguage":"pt-BR"},{"@type":"Organization","@id":"https:\/\/qualimapas.com\/#organization","name":"Qualimapas","url":"https:\/\/qualimapas.com\/","logo":{"@type":"ImageObject","inLanguage":"pt-BR","@id":"https:\/\/qualimapas.com\/#\/schema\/logo\/image\/","url":"https:\/\/qualimapas.com\/wp-content\/uploads\/2022\/10\/cropped-Logo.png","contentUrl":"https:\/\/qualimapas.com\/wp-content\/uploads\/2022\/10\/cropped-Logo.png","width":500,"height":308,"caption":"Qualimapas"},"image":{"@id":"https:\/\/qualimapas.com\/#\/schema\/logo\/image\/"},"sameAs":["https:\/\/www.youtube.com\/channel\/UCYg_YD3qX7qbQ4EQkbmE7Lw"]}]}},"jetpack_sharing_enabled":true,"_links":{"self":[{"href":"https:\/\/qualimapas.com\/index.php\/wp-json\/wp\/v2\/pages\/869","targetHints":{"allow":["GET"]}}],"collection":[{"href":"https:\/\/qualimapas.com\/index.php\/wp-json\/wp\/v2\/pages"}],"about":[{"href":"https:\/\/qualimapas.com\/index.php\/wp-json\/wp\/v2\/types\/page"}],"author":[{"embeddable":true,"href":"https:\/\/qualimapas.com\/index.php\/wp-json\/wp\/v2\/users\/1"}],"replies":[{"embeddable":true,"href":"https:\/\/qualimapas.com\/index.php\/wp-json\/wp\/v2\/comments?post=869"}],"version-history":[{"count":37,"href":"https:\/\/qualimapas.com\/index.php\/wp-json\/wp\/v2\/pages\/869\/revisions"}],"predecessor-version":[{"id":2757,"href":"https:\/\/qualimapas.com\/index.php\/wp-json\/wp\/v2\/pages\/869\/revisions\/2757"}],"wp:attachment":[{"href":"https:\/\/qualimapas.com\/index.php\/wp-json\/wp\/v2\/media?parent=869"}],"wp:term":[{"taxonomy":"folder","embeddable":true,"href":"https:\/\/qualimapas.com\/index.php\/wp-json\/wp\/v2\/folder?post=869"}],"curies":[{"name":"wp","href":"https:\/\/api.w.org\/{rel}","templated":true}]}}